{"id":25,"date":"2024-04-09T10:18:51","date_gmt":"2024-04-09T08:18:51","guid":{"rendered":"https:\/\/bi-erholungsort-schwielowsee.de\/?page_id=25"},"modified":"2024-04-09T14:03:38","modified_gmt":"2024-04-09T12:03:38","slug":"homepage","status":"publish","type":"page","link":"https:\/\/bi-erholungsort-schwielowsee.de\/","title":{"rendered":"Homepage"},"content":{"rendered":"\n<div class=\"wp-block-cover alignfull is-light\" style=\"min-height:100vh;aspect-ratio:unset;\"><span aria-hidden=\"true\" class=\"wp-block-cover__background has-background-dim-0 has-background-dim\" style=\"background-color:#FFF\"><\/span><video class=\"wp-block-cover__video-background intrinsic-ignore\" autoplay muted loop playsinline src=\"https:\/\/bi-erholungsort-schwielowsee.de\/wp-content\/uploads\/2024\/04\/AdobeStock_1183738651.mp4\" data-object-fit=\"cover\"><\/video><div class=\"wp-block-cover__inner-container has-global-padding is-layout-constrained wp-block-cover-is-layout-constrained\">\n<p class=\"has-text-align-center has-white-color has-text-color has-large-font-size\">Willkommen bei der<\/p>\n\n\n\n<p class=\"has-text-align-center has-white-color has-text-color has-max-60-font-size\" style=\"font-style:normal;font-weight:900;line-height:1.2\"><strong> B\u00fcrgerinitiative <\/strong><\/p>\n\n\n\n<p class=\"has-text-align-center has-white-color has-text-color has-max-60-font-size\" style=\"font-style:normal;font-weight:900;line-height:1.2\"><strong>Erholungsort Schwielowsee<\/strong><\/p>\n\n\n\n<div style=\"height:55px\" aria-hidden=\"true\" class=\"wp-block-spacer\"><\/div>\n\n\n\n<div class=\"wp-block-buttons is-content-justification-center is-layout-flex wp-container-core-buttons-is-layout-a89b3969 wp-block-buttons-is-layout-flex\">\n<div class=\"wp-block-button is-style-outline is-style-outline--1\"><a class=\"wp-block-button__link has-white-color has-text-color wp-element-button\" href=\"https:\/\/bi-erholungsort-schwielowsee.de\/?page_id=26\" style=\"border-radius:0px\">\u00dcber uns<\/a><\/div>\n<\/div>\n<\/div><\/div>\n\n\n\n<div class=\"wp-block-group has-global-padding is-layout-constrained wp-block-group-is-layout-constrained\">\n<p>Die Gemeinde Schwielowsee, ein Juwel nat\u00fcrlicher Sch\u00f6nheit und Ruhe, steht vor beispiellosen Herausforderungen. In den letzten Jahren haben wir, die Anwohner dieser malerischen Region, besorgniserregende Ver\u00e4nderungen erlebt, die den urspr\u00fcnglichen Erholungswert unserer Gemeinden und die Qualit\u00e4t des naturnahen Tourismus bedrohen. Die B\u00fcrgerinitiative Erholungsort Schwielowsee wurde ins Leben gerufen, um diesen Entwicklungen entgegenzutreten und eine Stimme f\u00fcr den Schutz unserer Umwelt, die Bewahrung der Ruhe und die F\u00f6rderung sanfter Freizeitaktivit\u00e4ten zu sein.<br><br>Die zunehmenden L\u00e4rmemissionen durch Feste und Veranstaltungen, der verst\u00e4rkte Bootsverkehr, insbesondere durch Motor- und Hausboote, sowie die damit einhergehende Umweltzerst\u00f6rung durch die Erweiterung von Liege- und Lagerpl\u00e4tzen stellen eine ernsthafte Bedrohung f\u00fcr unsere Region dar. Ebenso bereitet uns der Anstieg des Tages- und Kurzzeittourismus und dessen Auswirkungen auf die lokale Infrastruktur und das soziale Miteinander gro\u00dfe Sorgen. Hinzu kommt die Problematik fehlender Badem\u00f6glichkeiten f\u00fcr die Anwohner, die gerade in den Sommermonaten eine wichtige Rolle f\u00fcr die Lebensqualit\u00e4t spielt.<br><br>Als B\u00fcrgerinitiative stehen wir f\u00fcr den Erhalt des Erholungswertes der Gemeinde Schwielowsee und setzen uns f\u00fcr eine nachhaltige Entwicklung ein, die die Bed\u00fcrfnisse und das Wohl der Anwohner und G\u00e4ste gleicherma\u00dfen ber\u00fccksichtigt. Wir b\u00fcndeln die Interessen der Gemeinschaft und begleiten kritisch die Entscheidungen von Verantwortlichen in Verwaltung und Politik. Durch unseren Einsatz m\u00f6chten wir sicherstellen, dass Schwielowsee ein Ort bleibt, an dem sich sowohl Anwohner als auch Besucher wohl f\u00fchlen und die nat\u00fcrliche und ruhige Umgebung genie\u00dfen k\u00f6nnen.<\/p>\n\n\n\n<p>Auf unserer Webseite finden Sie Informationen zu unseren Zielen, aktuellen Projekten und wie Sie sich zusammen mit uns f\u00fcr den Schutz und die F\u00f6rderung des Erholungsortes Schwielowsee engagieren k\u00f6nnen. Wir laden alle ein, die unsere Vision teilen, sich uns anzuschlie\u00dfen und aktiv zu werden. Denn nur gemeinsam k\u00f6nnen wir eine positive Ver\u00e4nderung f\u00fcr unsere geliebte Region bewirken.<\/p>\n<\/div>\n\n\n\n<div class=\"wp-block-group alignfull has-background has-global-padding is-layout-constrained wp-block-group-is-layout-constrained\" style=\"background-color:#f8f8f8\">\n<div class=\"wp-block-group has-global-padding is-layout-constrained wp-block-group-is-layout-constrained\" style=\"padding-top:var(--wp--preset--spacing--small);padding-bottom:var(--wp--preset--spacing--small)\">\n<div style=\"height:30px\" aria-hidden=\"true\" class=\"wp-block-spacer\"><\/div>\n\n\n\n<div class=\"wp-block-columns are-vertically-aligned-center is-layout-flex wp-container-core-columns-is-layout-c375d253 wp-block-columns-is-layout-flex\">\n<div class=\"wp-block-column is-vertically-aligned-center is-layout-flow wp-block-column-is-layout-flow\">\n<figure class=\"wp-block-image size-large\"><img loading=\"lazy\" decoding=\"async\" width=\"1024\" height=\"576\" src=\"https:\/\/bi-erholungsort-schwielowsee.de\/wp-content\/uploads\/2024\/04\/Caputh-Schwielowsee-1024x576.jpg\" alt=\"\" class=\"wp-image-47\" srcset=\"https:\/\/bi-erholungsort-schwielowsee.de\/wp-content\/uploads\/2024\/04\/Caputh-Schwielowsee-1024x576.jpg 1024w, https:\/\/bi-erholungsort-schwielowsee.de\/wp-content\/uploads\/2024\/04\/Caputh-Schwielowsee-300x169.jpg 300w, https:\/\/bi-erholungsort-schwielowsee.de\/wp-content\/uploads\/2024\/04\/Caputh-Schwielowsee.jpg 1280w\" sizes=\"auto, (max-width: 1024px) 100vw, 1024px\" \/><\/figure>\n<\/div>\n\n\n\n<div class=\"wp-block-column is-vertically-aligned-center is-layout-flow wp-block-column-is-layout-flow\">\n<h2 class=\"wp-block-heading has-medium-font-size\" style=\"text-transform:uppercase\">\u00dcBER UNS<\/h2>\n\n\n\n<p>Uns verbindet die Leidenschaft f\u00fcr unsere Heimat und das Ziel, ihre Sch\u00f6nheit und ihren Erholungswert f\u00fcr die Zukunft zu sichern. Mit Fokus auf Naturerhalt, nachhaltige Entwicklung und B\u00fcrgerbeteiligung arbeiten wir daran, Schwielowsee als idyllischen R\u00fcckzugsort zu bewahren. Ihr Einsatz z\u00e4hlt \u2013 werden Sie Teil unserer Gemeinschaft, die sich f\u00fcr eine lebenswerte Zukunft stark macht.<\/p>\n\n\n\n<div class=\"wp-block-buttons is-layout-flex wp-block-buttons-is-layout-flex\">\n<div class=\"wp-block-button is-style-outline is-style-outline--2\"><a class=\"wp-block-button__link wp-element-button\" href=\"https:\/\/bi-erholungsort-schwielowsee.de\/?page_id=26\" style=\"border-radius:0px\">Mehr Informationen<\/a><\/div>\n<\/div>\n<\/div>\n<\/div>\n<\/div>\n<\/div>\n\n\n\n<div class=\"wp-block-group alignfull has-global-padding is-layout-constrained wp-block-group-is-layout-constrained\">\n<div class=\"wp-block-group has-global-padding is-layout-constrained wp-block-group-is-layout-constrained\" style=\"padding-top:var(--wp--preset--spacing--small);padding-bottom:var(--wp--preset--spacing--small)\">\n<div style=\"height:30px\" aria-hidden=\"true\" class=\"wp-block-spacer\"><\/div>\n\n\n\n<div class=\"wp-block-columns is-layout-flex wp-container-core-columns-is-layout-c375d253 wp-block-columns-is-layout-flex\">\n<div class=\"wp-block-column is-vertically-aligned-center is-layout-flow wp-block-column-is-layout-flow\">\n<h2 class=\"wp-block-heading has-medium-font-size\" style=\"text-transform:uppercase\">Unsere Anliegen<\/h2>\n\n\n\n<p>In den vergangenen Jahren haben wir beobachtet, wie der zunehmende Druck durch Ver\u00e4nderungen in den Bereichen Umweltschutz, Freizeitaktivit\u00e4ten und Tourismus nicht nur den urspr\u00fcnglichen Erholungswert unserer Region gef\u00e4hrdet, sondern auch zu einer sp\u00fcrbaren Umweltzerst\u00f6rung f\u00fchrt. Diese Entwicklungen haben uns bewogen, aktiv zu werden und f\u00fcr den Erhalt unserer Lebensqualit\u00e4t einzutreten. <\/p>\n\n\n\n<div class=\"wp-block-buttons is-horizontal is-content-justification-left is-layout-flex wp-container-core-buttons-is-layout-20be11b6 wp-block-buttons-is-layout-flex\">\n<div class=\"wp-block-button is-style-outline is-style-outline--3\"><a class=\"wp-block-button__link wp-element-button\" href=\"https:\/\/bi-erholungsort-schwielowsee.de\/?page_id=73\" style=\"border-radius:0px\">Mehr Erfahren<\/a><\/div>\n<\/div>\n\n\n\n<p><\/p>\n<\/div>\n\n\n\n<div class=\"wp-block-column is-layout-flow wp-block-column-is-layout-flow\">\n<figure class=\"wp-block-image size-large\"><img loading=\"lazy\" decoding=\"async\" width=\"1024\" height=\"576\" src=\"https:\/\/bi-erholungsort-schwielowsee.de\/wp-content\/uploads\/2024\/04\/Caputh-Schwielowsee-Gemuende-1024x576.jpg\" alt=\"\" class=\"wp-image-49\" srcset=\"https:\/\/bi-erholungsort-schwielowsee.de\/wp-content\/uploads\/2024\/04\/Caputh-Schwielowsee-Gemuende-1024x576.jpg 1024w, https:\/\/bi-erholungsort-schwielowsee.de\/wp-content\/uploads\/2024\/04\/Caputh-Schwielowsee-Gemuende-300x169.jpg 300w, https:\/\/bi-erholungsort-schwielowsee.de\/wp-content\/uploads\/2024\/04\/Caputh-Schwielowsee-Gemuende.jpg 1280w\" sizes=\"auto, (max-width: 1024px) 100vw, 1024px\" \/><\/figure>\n<\/div>\n<\/div>\n\n\n\n<div style=\"height:30px\" aria-hidden=\"true\" class=\"wp-block-spacer\"><\/div>\n<\/div>\n<\/div>\n\n\n\n<div class=\"wp-block-cover alignfull has-parallax is-position-center-center\" style=\"border-radius:0px\"><span aria-hidden=\"true\" class=\"wp-block-cover__background has-black-background-color has-background-dim-40 has-background-dim\"><\/span><div class=\"wp-block-cover__image-background wp-image-48 has-parallax\" style=\"background-position:50% 50%;background-image:url(https:\/\/bi-erholungsort-schwielowsee.de\/wp-content\/uploads\/2024\/04\/Caputh-Schwielowsee-Grotte.jpg)\"><\/div><div class=\"wp-block-cover__inner-container is-layout-flow wp-block-cover-is-layout-flow\">\n<div class=\"wp-block-group has-global-padding is-layout-constrained wp-block-group-is-layout-constrained\">\n<h3 class=\"wp-block-heading has-text-align-center has-text-color has-medium-font-size\" style=\"color:#fffffa;text-transform:uppercase\">Kontaktieren Sie uns<\/h3>\n\n\n\n<p class=\"has-text-align-center has-white-color has-text-color\">Haben Sie Fragen, Anregungen oder m\u00f6chten Sie uns unterst\u00fctzen? Wir freuen uns \u00fcber Ihre Nachricht! Nehmen Sie Kontakt mit uns auf, um mehr dar\u00fcber zu erfahren, wie Sie sich f\u00fcr den Erholungsort Schwielowsee engagieren k\u00f6nnen, oder um uns Ihre Ideen und Vorschl\u00e4ge mitzuteilen. Ihre Meinung ist uns wichtig, denn gemeinsam k\u00f6nnen wir mehr erreichen.<\/p>\n\n\n\n<div style=\"height:31px\" aria-hidden=\"true\" class=\"wp-block-spacer\"><\/div>\n\n\n\n<div class=\"wp-block-buttons is-horizontal is-content-justification-center is-layout-flex wp-container-core-buttons-is-layout-03627597 wp-block-buttons-is-layout-flex\">\n<div class=\"wp-block-button is-style-outline is-style-outline--4\"><a class=\"wp-block-button__link has-white-color has-text-color wp-element-button\" href=\"https:\/\/bi-erholungsort-schwielowsee.de\/?page_id=27\" style=\"border-radius:0px\">Kontakt<\/a><\/div>\n<\/div>\n<\/div>\n<\/div><\/div>\n","protected":false},"excerpt":{"rendered":"<p>Die Gemeinde Schwielowsee, ein Juwel nat\u00fcrlicher Sch\u00f6nheit und Ruhe, steht vor beispiellosen Herausforderungen. In den letzten Jahren haben wir, die Anwohner dieser malerischen Region, besorgniserregende Ver\u00e4nderungen erlebt, die den urspr\u00fcnglichen Erholungswert unserer Gemeinden und die Qualit\u00e4t des naturnahen Tourismus bedrohen. Die B\u00fcrgerinitiative Erholungsort Schwielowsee wurde ins Leben gerufen, um diesen Entwicklungen entgegenzutreten und eine Stimme &hellip; <\/p>\n<p class=\"link-more\"><a href=\"https:\/\/bi-erholungsort-schwielowsee.de\/\" class=\"more-link\">Read more<span class=\"screen-reader-text\"> &#8220;Homepage&#8221;<\/span><\/a><\/p>\n","protected":false},"author":1,"featured_media":0,"parent":0,"menu_order":0,"comment_status":"closed","ping_status":"closed","template":"page-templates\/homepage-no-hero.php","meta":{"footnotes":""},"class_list":["post-25","page","type-page","status-publish","hentry"],"_links":{"self":[{"href":"https:\/\/bi-erholungsort-schwielowsee.de\/index.php?rest_route=\/wp\/v2\/pages\/25","targetHints":{"allow":["GET"]}}],"collection":[{"href":"https:\/\/bi-erholungsort-schwielowsee.de\/index.php?rest_route=\/wp\/v2\/pages"}],"about":[{"href":"https:\/\/bi-erholungsort-schwielowsee.de\/index.php?rest_route=\/wp\/v2\/types\/page"}],"author":[{"embeddable":true,"href":"https:\/\/bi-erholungsort-schwielowsee.de\/index.php?rest_route=\/wp\/v2\/users\/1"}],"replies":[{"embeddable":true,"href":"https:\/\/bi-erholungsort-schwielowsee.de\/index.php?rest_route=%2Fwp%2Fv2%2Fcomments&post=25"}],"version-history":[{"count":16,"href":"https:\/\/bi-erholungsort-schwielowsee.de\/index.php?rest_route=\/wp\/v2\/pages\/25\/revisions"}],"predecessor-version":[{"id":105,"href":"https:\/\/bi-erholungsort-schwielowsee.de\/index.php?rest_route=\/wp\/v2\/pages\/25\/revisions\/105"}],"wp:attachment":[{"href":"https:\/\/bi-erholungsort-schwielowsee.de\/index.php?rest_route=%2Fwp%2Fv2%2Fmedia&parent=25"}],"curies":[{"name":"wp","href":"https:\/\/api.w.org\/{rel}","templated":true}]}}