{"id":26,"date":"2024-04-09T10:18:51","date_gmt":"2024-04-09T08:18:51","guid":{"rendered":"https:\/\/bi-erholungsort-schwielowsee.de\/?page_id=26"},"modified":"2024-05-06T14:20:22","modified_gmt":"2024-05-06T12:20:22","slug":"about","status":"publish","type":"page","link":"https:\/\/bi-erholungsort-schwielowsee.de\/?page_id=26","title":{"rendered":"\u00dcber uns"},"content":{"rendered":"\n<div class=\"wp-block-columns alignwide is-layout-flex wp-container-core-columns-is-layout-28f84493 wp-block-columns-is-layout-flex\">\n<div class=\"wp-block-column is-layout-flow wp-block-column-is-layout-flow\">\n<figure class=\"wp-block-image size-full\"><img loading=\"lazy\" decoding=\"async\" width=\"1000\" height=\"626\" src=\"https:\/\/bi-erholungsort-schwielowsee.de\/wp-content\/uploads\/2024\/04\/Caputh_Schwielowsee-Bootssteg.jpg\" alt=\"\" class=\"wp-image-54\" srcset=\"https:\/\/bi-erholungsort-schwielowsee.de\/wp-content\/uploads\/2024\/04\/Caputh_Schwielowsee-Bootssteg.jpg 1000w, https:\/\/bi-erholungsort-schwielowsee.de\/wp-content\/uploads\/2024\/04\/Caputh_Schwielowsee-Bootssteg-300x188.jpg 300w\" sizes=\"auto, (max-width: 1000px) 100vw, 1000px\" \/><\/figure>\n\n\n\n<p class=\"has-black-color has-text-color has-medium-font-size\">Unsere Geschichte<\/p>\n\n\n\n<p class=\"has-primary-color has-text-color\">Die B\u00fcrgerinitiative Erholungsort Schwielowsee wurde im Februar 2023 von besorgten Anwohnern der Gemeinde Schwielowsee gegr\u00fcndet. Unser Antrieb ist die tiefe Verbundenheit mit der Region und die Sorge um deren Zukunft. Wir haben es uns zur Aufgabe gemacht, den Erholungswert unserer Gemeinde zu sch\u00fctzen und f\u00fcr eine nachhaltige Entwicklung einzutreten, die den Bed\u00fcrfnissen der Anwohner und G\u00e4ste gerecht wird.<\/p>\n<\/div>\n\n\n\n<div class=\"wp-block-column is-layout-flow wp-block-column-is-layout-flow\">\n<figure class=\"wp-block-image size-full\"><img loading=\"lazy\" decoding=\"async\" width=\"1000\" height=\"626\" src=\"https:\/\/bi-erholungsort-schwielowsee.de\/wp-content\/uploads\/2024\/04\/Caputh-Steg-Schwielowsee-1.jpg\" alt=\"\" class=\"wp-image-53\" srcset=\"https:\/\/bi-erholungsort-schwielowsee.de\/wp-content\/uploads\/2024\/04\/Caputh-Steg-Schwielowsee-1.jpg 1000w, https:\/\/bi-erholungsort-schwielowsee.de\/wp-content\/uploads\/2024\/04\/Caputh-Steg-Schwielowsee-1-300x188.jpg 300w\" sizes=\"auto, (max-width: 1000px) 100vw, 1000px\" \/><\/figure>\n\n\n\n<p class=\"has-black-color has-text-color has-medium-font-size\">Unser Engagement<\/p>\n\n\n\n<p class=\"has-primary-color has-text-color\">Unsere Arbeit ist gepr\u00e4gt von dem Glauben an die Kraft der Gemeinschaft und des Dialogs. Wir nehmen am \u00f6ffentlichen Diskurs teil und suchen den Austausch mit lokalen Entscheidungstr\u00e4gern. Durch Aufkl\u00e4rungsarbeit m\u00f6chten wir Bewusstsein f\u00fcr die dr\u00e4ngenden Themen unserer Region schaffen und alle Beteiligten zu einem verantwortungsvollen Umgang mit unseren nat\u00fcrlichen Ressourcen motivieren.<\/p>\n<\/div>\n\n\n\n<div class=\"wp-block-column is-layout-flow wp-block-column-is-layout-flow\">\n<figure class=\"wp-block-image size-full\"><img loading=\"lazy\" decoding=\"async\" width=\"1000\" height=\"626\" src=\"https:\/\/bi-erholungsort-schwielowsee.de\/wp-content\/uploads\/2024\/04\/Caputh-Schwielowsee-Aerial.jpg\" alt=\"\" class=\"wp-image-55\" srcset=\"https:\/\/bi-erholungsort-schwielowsee.de\/wp-content\/uploads\/2024\/04\/Caputh-Schwielowsee-Aerial.jpg 1000w, https:\/\/bi-erholungsort-schwielowsee.de\/wp-content\/uploads\/2024\/04\/Caputh-Schwielowsee-Aerial-300x188.jpg 300w\" sizes=\"auto, (max-width: 1000px) 100vw, 1000px\" \/><\/figure>\n\n\n\n<p class=\"has-black-color has-text-color has-medium-font-size\">Mach mit!<\/p>\n\n\n\n<p>Jede Stimme z\u00e4hlt, und wir freuen uns \u00fcber jeden, der sich unserer Initiative anschlie\u00dft. Egal, ob Sie Ihre Zeit spenden, oder einfach das Wort verbreiten m\u00f6chten \u2013 Ihre Hilfe macht einen Unterschied. Gemeinsam k\u00f6nnen wir den Erholungsort Schwielowsee f\u00fcr zuk\u00fcnftige Generationen erhalten und sch\u00fctzen. Melden Sie sich zu unserem Newsletter an, um immer auf dem neusten Stand zu sein.<\/p>\n<\/div>\n<\/div>\n\n\n\n<p class=\"has-text-align-center\"><\/p>\n\n\n\n<figure class=\"wp-block-image aligncenter size-medium\"><img loading=\"lazy\" decoding=\"async\" width=\"300\" height=\"121\" src=\"https:\/\/bi-erholungsort-schwielowsee.de\/wp-content\/uploads\/2024\/05\/cropped-Logo-BI-PNG-1-300x121.png\" alt=\"\" class=\"wp-image-124\" srcset=\"https:\/\/bi-erholungsort-schwielowsee.de\/wp-content\/uploads\/2024\/05\/cropped-Logo-BI-PNG-1-300x121.png 300w, https:\/\/bi-erholungsort-schwielowsee.de\/wp-content\/uploads\/2024\/05\/cropped-Logo-BI-PNG-1-1024x414.png 1024w, https:\/\/bi-erholungsort-schwielowsee.de\/wp-content\/uploads\/2024\/05\/cropped-Logo-BI-PNG-1-2000x808.png 2000w\" sizes=\"auto, (max-width: 300px) 100vw, 300px\" \/><\/figure>\n\n\n\n<h3 class=\"wp-block-heading alignfull has-text-align-center has-white-color has-text-color has-background has-link-color has-large-font-size wp-elements-85e2b566cb547ee3abdd513782c18b30\" id=\"inspiro-is-a-digital-product-agency-that-focuses-on-strategy-and-desig\" style=\"background-color:#35692dd1;margin-top:0;margin-bottom:0;font-weight:300\">Kurz und Knapp. Unsere Ziele.<\/h3>\n\n\n\n<div class=\"wp-block-columns alignfull has-background is-layout-flex wp-container-core-columns-is-layout-f0342b05 wp-block-columns-is-layout-flex\" style=\"border-radius:0px;background-color:#35692dd1;margin-top:0;margin-bottom:0\">\n<div class=\"wp-block-column has-global-padding is-content-justification-center is-layout-constrained wp-container-core-column-is-layout-576950fd wp-block-column-is-layout-constrained\" style=\"padding-top:0;padding-right:0;padding-bottom:0;padding-left:0;flex-basis:20%\">\n<figure class=\"wp-block-image alignright size-thumbnail is-resized\"><img loading=\"lazy\" decoding=\"async\" width=\"150\" height=\"150\" src=\"https:\/\/bi-erholungsort-schwielowsee.de\/wp-content\/uploads\/2024\/04\/Nicht-benannt6-1-150x150.png\" alt=\"\" class=\"wp-image-63\" style=\"width:125px\" srcset=\"https:\/\/bi-erholungsort-schwielowsee.de\/wp-content\/uploads\/2024\/04\/Nicht-benannt6-1-150x150.png 150w, https:\/\/bi-erholungsort-schwielowsee.de\/wp-content\/uploads\/2024\/04\/Nicht-benannt6-1-300x300.png 300w, https:\/\/bi-erholungsort-schwielowsee.de\/wp-content\/uploads\/2024\/04\/Nicht-benannt6-1-1024x1024.png 1024w, https:\/\/bi-erholungsort-schwielowsee.de\/wp-content\/uploads\/2024\/04\/Nicht-benannt6-1.png 1080w\" sizes=\"auto, (max-width: 150px) 100vw, 150px\" \/><\/figure>\n<\/div>\n\n\n\n<div class=\"wp-block-column is-layout-flow wp-block-column-is-layout-flow\" style=\"padding-right:var(--wp--preset--spacing--x-large);padding-left:var(--wp--preset--spacing--x-large)\">\n<p class=\"has-text-align-left has-white-color has-text-color has-link-color wp-elements-6a4fe06fc19a7a3138d46fbe4fc3469c\"><strong>1. Schutz der nat\u00fcrlichen Umgebung:<\/strong> <\/p>\n\n\n\n<p class=\"has-text-align-left has-white-color has-text-color has-link-color wp-elements-b8ae1e00c020eda7b2decd0f3e87a735\">Wir treten f\u00fcr den Erhalt der einzigartigen Landschaften, Gew\u00e4sser und Biotope unserer Region ein. Der Schutz der Flora und Fauna hat f\u00fcr uns oberste Priorit\u00e4t.<\/p>\n<\/div>\n<\/div>\n\n\n\n<div class=\"wp-block-columns alignfull has-background is-layout-flex wp-container-core-columns-is-layout-f0342b05 wp-block-columns-is-layout-flex\" style=\"border-radius:0px;background-color:#35692dd1;margin-top:0;margin-bottom:0\">\n<div class=\"wp-block-column has-global-padding is-content-justification-center is-layout-constrained wp-container-core-column-is-layout-576950fd wp-block-column-is-layout-constrained\" style=\"padding-top:0;padding-right:0;padding-bottom:0;padding-left:0;flex-basis:20%\">\n<figure class=\"wp-block-image alignright size-thumbnail is-resized\"><img loading=\"lazy\" decoding=\"async\" width=\"150\" height=\"150\" src=\"https:\/\/bi-erholungsort-schwielowsee.de\/wp-content\/uploads\/2024\/04\/Nicht-benannt8-150x150.png\" alt=\"\" class=\"wp-image-65\" style=\"width:125px\" srcset=\"https:\/\/bi-erholungsort-schwielowsee.de\/wp-content\/uploads\/2024\/04\/Nicht-benannt8-150x150.png 150w, https:\/\/bi-erholungsort-schwielowsee.de\/wp-content\/uploads\/2024\/04\/Nicht-benannt8-300x300.png 300w, https:\/\/bi-erholungsort-schwielowsee.de\/wp-content\/uploads\/2024\/04\/Nicht-benannt8-1024x1024.png 1024w, https:\/\/bi-erholungsort-schwielowsee.de\/wp-content\/uploads\/2024\/04\/Nicht-benannt8.png 1080w\" sizes=\"auto, (max-width: 150px) 100vw, 150px\" \/><\/figure>\n<\/div>\n\n\n\n<div class=\"wp-block-column is-layout-flow wp-block-column-is-layout-flow\" style=\"padding-right:var(--wp--preset--spacing--x-large);padding-left:var(--wp--preset--spacing--x-large)\">\n<p class=\"has-text-align-left has-white-color has-text-color has-link-color wp-elements-91245196d9b7e89d7c7a9254c60e7e67\"><strong>2<\/strong>. <strong>Bewahrung des Erholungswertes:<\/strong> <\/p>\n\n\n\n<p class=\"has-text-align-left has-white-color has-text-color has-link-color wp-elements-c2ee4c2605ddf7247c21847ab01e6daa\">Die Ruhe und Sch\u00f6nheit der Gemeinde Schwielowsee sind ein kostbares Gut. Wir engagieren uns daf\u00fcr, den zunehmenden L\u00e4rmemissionen durch Veranstaltungen und dem verst\u00e4rkten Bootsverkehr kritisch zu begegnen.<\/p>\n<\/div>\n<\/div>\n\n\n\n<div class=\"wp-block-columns alignfull has-background is-layout-flex wp-container-core-columns-is-layout-f0342b05 wp-block-columns-is-layout-flex\" style=\"border-radius:0px;background-color:#35692dd1;margin-top:0;margin-bottom:0\">\n<div class=\"wp-block-column has-global-padding is-content-justification-center is-layout-constrained wp-container-core-column-is-layout-576950fd wp-block-column-is-layout-constrained\" style=\"padding-top:0;padding-right:0;padding-bottom:0;padding-left:0;flex-basis:20%\">\n<figure class=\"wp-block-image alignright size-thumbnail is-resized\"><img loading=\"lazy\" decoding=\"async\" width=\"150\" height=\"150\" src=\"https:\/\/bi-erholungsort-schwielowsee.de\/wp-content\/uploads\/2024\/04\/Nicht-benannt7-150x150.png\" alt=\"\" class=\"wp-image-64\" style=\"width:125px\" srcset=\"https:\/\/bi-erholungsort-schwielowsee.de\/wp-content\/uploads\/2024\/04\/Nicht-benannt7-150x150.png 150w, https:\/\/bi-erholungsort-schwielowsee.de\/wp-content\/uploads\/2024\/04\/Nicht-benannt7-300x300.png 300w, https:\/\/bi-erholungsort-schwielowsee.de\/wp-content\/uploads\/2024\/04\/Nicht-benannt7-1024x1024.png 1024w, https:\/\/bi-erholungsort-schwielowsee.de\/wp-content\/uploads\/2024\/04\/Nicht-benannt7.png 1080w\" sizes=\"auto, (max-width: 150px) 100vw, 150px\" \/><\/figure>\n<\/div>\n\n\n\n<div class=\"wp-block-column is-layout-flow wp-block-column-is-layout-flow\" style=\"padding-right:var(--wp--preset--spacing--x-large);padding-left:var(--wp--preset--spacing--x-large)\">\n<p class=\"has-text-align-left has-white-color has-text-color has-link-color wp-elements-cf3bc6071facc72f35706fcde90434a1\"><strong>3<\/strong>. <strong>F\u00f6rderung sanfter Freizeitaktivit\u00e4ten:<\/strong> <\/p>\n\n\n\n<p class=\"has-text-align-left has-white-color has-text-color has-link-color wp-elements-5ea34d2aba986bc9a4ff17b7f5bf4826\">Wir setzen uns f\u00fcr eine Tourismusentwicklung ein, die sanfte und naturvertr\u00e4gliche Freizeitaktivit\u00e4ten unterst\u00fctzt und f\u00f6rdert.<\/p>\n\n\n\n<p class=\"has-text-align-left has-white-color has-text-color has-link-color wp-elements-b0860c2ce5dcec92aedd43bc09eacdff\"><\/p>\n<\/div>\n<\/div>\n\n\n\n<div class=\"wp-block-columns alignfull has-background is-layout-flex wp-container-core-columns-is-layout-f0342b05 wp-block-columns-is-layout-flex\" style=\"border-radius:0%;background-color:#35692dd1;margin-top:0;margin-bottom:0\">\n<div class=\"wp-block-column has-global-padding is-content-justification-center is-layout-constrained wp-container-core-column-is-layout-576950fd wp-block-column-is-layout-constrained\" style=\"padding-top:0;padding-right:0;padding-bottom:0;padding-left:0;flex-basis:20%\">\n<figure class=\"wp-block-image alignright size-thumbnail is-resized\"><img loading=\"lazy\" decoding=\"async\" width=\"150\" height=\"150\" src=\"https:\/\/bi-erholungsort-schwielowsee.de\/wp-content\/uploads\/2024\/04\/Nicht-benannt9-150x150.png\" alt=\"\" class=\"wp-image-66\" style=\"width:125px\" srcset=\"https:\/\/bi-erholungsort-schwielowsee.de\/wp-content\/uploads\/2024\/04\/Nicht-benannt9-150x150.png 150w, https:\/\/bi-erholungsort-schwielowsee.de\/wp-content\/uploads\/2024\/04\/Nicht-benannt9-300x300.png 300w, https:\/\/bi-erholungsort-schwielowsee.de\/wp-content\/uploads\/2024\/04\/Nicht-benannt9-1024x1024.png 1024w, https:\/\/bi-erholungsort-schwielowsee.de\/wp-content\/uploads\/2024\/04\/Nicht-benannt9.png 1080w\" sizes=\"auto, (max-width: 150px) 100vw, 150px\" \/><\/figure>\n<\/div>\n\n\n\n<div class=\"wp-block-column is-layout-flow wp-block-column-is-layout-flow\" style=\"padding-right:var(--wp--preset--spacing--x-large);padding-left:var(--wp--preset--spacing--x-large)\">\n<p class=\"has-text-align-left has-white-color has-text-color has-link-color wp-elements-aeb0542866230d41852aaf41b8a0970f\">4. <strong>Nachhaltige Entwicklung:<\/strong><\/p>\n\n\n\n<p class=\"has-text-align-left has-white-color has-text-color has-link-color wp-elements-2a276bf7195eda41a45d1c99b0362871\">Unsere Initiative strebt eine nachhaltige Entwicklung an, die \u00f6kologische, \u00f6konomische und soziale Aspekte in Einklang bringt und die Lebensqualit\u00e4t der Anwohner und G\u00e4ste langfristig sichert.<\/p>\n\n\n\n<p class=\"has-text-align-left has-white-color has-text-color has-link-color wp-elements-b0860c2ce5dcec92aedd43bc09eacdff\"><\/p>\n<\/div>\n<\/div>\n\n\n\n<div class=\"wp-block-columns alignfull has-background is-layout-flex wp-container-core-columns-is-layout-f0342b05 wp-block-columns-is-layout-flex\" style=\"border-radius:0%;background-color:#35692dd1;margin-top:0;margin-bottom:0\">\n<div class=\"wp-block-column has-global-padding is-content-justification-center is-layout-constrained wp-container-core-column-is-layout-576950fd wp-block-column-is-layout-constrained\" style=\"padding-top:0;padding-right:0;padding-bottom:0;padding-left:0;flex-basis:20%\">\n<figure class=\"wp-block-image alignright size-thumbnail is-resized\"><img loading=\"lazy\" decoding=\"async\" width=\"150\" height=\"150\" src=\"https:\/\/bi-erholungsort-schwielowsee.de\/wp-content\/uploads\/2024\/04\/Nicht-benannt10-150x150.png\" alt=\"\" class=\"wp-image-67\" style=\"width:125px\" srcset=\"https:\/\/bi-erholungsort-schwielowsee.de\/wp-content\/uploads\/2024\/04\/Nicht-benannt10-150x150.png 150w, https:\/\/bi-erholungsort-schwielowsee.de\/wp-content\/uploads\/2024\/04\/Nicht-benannt10-300x300.png 300w, https:\/\/bi-erholungsort-schwielowsee.de\/wp-content\/uploads\/2024\/04\/Nicht-benannt10-1024x1024.png 1024w, https:\/\/bi-erholungsort-schwielowsee.de\/wp-content\/uploads\/2024\/04\/Nicht-benannt10.png 1080w\" sizes=\"auto, (max-width: 150px) 100vw, 150px\" \/><\/figure>\n<\/div>\n\n\n\n<div class=\"wp-block-column is-layout-flow wp-block-column-is-layout-flow\" style=\"padding-right:var(--wp--preset--spacing--x-large);padding-left:var(--wp--preset--spacing--x-large)\">\n<p class=\"has-text-align-left has-white-color has-text-color has-link-color wp-elements-4c6978f6ef0b69404a1c6b8eb06aaae7\"><strong>5. Kritische Begleitung von Entscheidungen:<\/strong><\/p>\n\n\n\n<p class=\"has-text-align-left has-white-color has-text-color has-link-color wp-elements-0f9ae13ff8b8c3ff49aed60ffcf3317d\">Wir b\u00fcndeln die Interessen der Anwohner und arbeiten daran, Entscheidungen von Verantwortlichen in Verwaltung und Politik konstruktiv und kritisch zu begleiten.<\/p>\n\n\n\n<p class=\"has-text-align-left has-white-color has-text-color has-link-color wp-elements-b0860c2ce5dcec92aedd43bc09eacdff\"><\/p>\n<\/div>\n<\/div>\n\n\n\n<div class=\"wp-block-cover alignfull has-parallax is-position-center-center\" style=\"border-radius:0px;margin-top:0;margin-bottom:0;padding-top:0;padding-right:0;padding-bottom:0;padding-left:0\"><span aria-hidden=\"true\" class=\"wp-block-cover__background has-black-background-color has-background-dim-40 has-background-dim\"><\/span><div class=\"wp-block-cover__image-background wp-image-48 has-parallax\" style=\"background-position:50% 50%;background-image:url(https:\/\/bi-erholungsort-schwielowsee.de\/wp-content\/uploads\/2024\/04\/Caputh-Schwielowsee-Grotte.jpg)\"><\/div><div class=\"wp-block-cover__inner-container is-layout-flow wp-block-cover-is-layout-flow\">\n<div class=\"wp-block-group has-global-padding is-layout-constrained wp-block-group-is-layout-constrained\">\n<h3 class=\"wp-block-heading has-text-align-center has-text-color has-medium-font-size\" style=\"color:#fffffa;text-transform:uppercase\">Kontaktieren Sie uns<\/h3>\n\n\n\n<p class=\"has-text-align-center has-white-color has-text-color\">Haben Sie Fragen, Anregungen oder m\u00f6chten Sie uns unterst\u00fctzen? Wir freuen uns \u00fcber Ihre Nachricht! Nehmen Sie Kontakt mit uns auf, um mehr dar\u00fcber zu erfahren, wie Sie sich f\u00fcr den Erholungsort Schwielowsee engagieren k\u00f6nnen, oder um uns Ihre Ideen und Vorschl\u00e4ge mitzuteilen. Ihre Meinung ist uns wichtig, denn gemeinsam k\u00f6nnen wir mehr erreichen.<\/p>\n\n\n\n<div style=\"height:31px\" aria-hidden=\"true\" class=\"wp-block-spacer\"><\/div>\n\n\n\n<div class=\"wp-block-buttons is-horizontal is-content-justification-center is-layout-flex wp-container-core-buttons-is-layout-03627597 wp-block-buttons-is-layout-flex\">\n<div class=\"wp-block-button is-style-outline is-style-outline--1\"><a class=\"wp-block-button__link has-white-color has-text-color wp-element-button\" href=\"#\" style=\"border-radius:0px\">Kontakt<\/a><\/div>\n<\/div>\n<\/div>\n<\/div><\/div>\n","protected":false},"excerpt":{"rendered":"<p>Unsere Geschichte Die B\u00fcrgerinitiative Erholungsort Schwielowsee wurde im Februar 2023 von besorgten Anwohnern der Gemeinde Schwielowsee gegr\u00fcndet. Unser Antrieb ist die tiefe Verbundenheit mit der Region und die Sorge um deren Zukunft. Wir haben es uns zur Aufgabe gemacht, den Erholungswert unserer Gemeinde zu sch\u00fctzen und f\u00fcr eine nachhaltige Entwicklung einzutreten, die den Bed\u00fcrfnissen der &hellip; <\/p>\n<p class=\"link-more\"><a href=\"https:\/\/bi-erholungsort-schwielowsee.de\/?page_id=26\" class=\"more-link\">Read more<span class=\"screen-reader-text\"> &#8220;\u00dcber uns&#8221;<\/span><\/a><\/p>\n","protected":false},"author":1,"featured_media":57,"parent":0,"menu_order":0,"comment_status":"closed","ping_status":"closed","template":"","meta":{"footnotes":""},"class_list":["post-26","page","type-page","status-publish","has-post-thumbnail","hentry"],"_links":{"self":[{"href":"https:\/\/bi-erholungsort-schwielowsee.de\/index.php?rest_route=\/wp\/v2\/pages\/26","targetHints":{"allow":["GET"]}}],"collection":[{"href":"https:\/\/bi-erholungsort-schwielowsee.de\/index.php?rest_route=\/wp\/v2\/pages"}],"about":[{"href":"https:\/\/bi-erholungsort-schwielowsee.de\/index.php?rest_route=\/wp\/v2\/types\/page"}],"author":[{"embeddable":true,"href":"https:\/\/bi-erholungsort-schwielowsee.de\/index.php?rest_route=\/wp\/v2\/users\/1"}],"replies":[{"embeddable":true,"href":"https:\/\/bi-erholungsort-schwielowsee.de\/index.php?rest_route=%2Fwp%2Fv2%2Fcomments&post=26"}],"version-history":[{"count":13,"href":"https:\/\/bi-erholungsort-schwielowsee.de\/index.php?rest_route=\/wp\/v2\/pages\/26\/revisions"}],"predecessor-version":[{"id":131,"href":"https:\/\/bi-erholungsort-schwielowsee.de\/index.php?rest_route=\/wp\/v2\/pages\/26\/revisions\/131"}],"wp:featuredmedia":[{"embeddable":true,"href":"https:\/\/bi-erholungsort-schwielowsee.de\/index.php?rest_route=\/wp\/v2\/media\/57"}],"wp:attachment":[{"href":"https:\/\/bi-erholungsort-schwielowsee.de\/index.php?rest_route=%2Fwp%2Fv2%2Fmedia&parent=26"}],"curies":[{"name":"wp","href":"https:\/\/api.w.org\/{rel}","templated":true}]}}