{"id":73,"date":"2024-04-09T12:40:45","date_gmt":"2024-04-09T10:40:45","guid":{"rendered":"https:\/\/bi-erholungsort-schwielowsee.de\/?page_id=73"},"modified":"2024-04-09T14:07:45","modified_gmt":"2024-04-09T12:07:45","slug":"unsere-anliegen","status":"publish","type":"page","link":"https:\/\/bi-erholungsort-schwielowsee.de\/?page_id=73","title":{"rendered":"Unsere Anliegen"},"content":{"rendered":"\n<p>Die B\u00fcrgerinitiative Erholungsort Schwielowsee steht f\u00fcr den Schutz und die nachhaltige Entwicklung unserer Gemeinde. In den vergangenen Jahren haben wir beobachtet, wie der zunehmende Druck durch Ver\u00e4nderungen in den Bereichen Umweltschutz, Freizeitaktivit\u00e4ten und Tourismus nicht nur den urspr\u00fcnglichen Erholungswert unserer Region gef\u00e4hrdet, sondern auch zu einer sp\u00fcrbaren Umweltzerst\u00f6rung f\u00fchrt. Diese Entwicklungen haben uns bewogen, aktiv zu werden und f\u00fcr den Erhalt unserer Lebensqualit\u00e4t einzutreten. Hier sind die f\u00fcnf Hauptanliegen, die unsere Arbeit und unser Engagement leiten:<br><\/p>\n\n\n\n<div class=\"wp-block-columns alignfull has-primary-color has-background-background-color has-text-color has-background has-link-color wp-elements-d3c5e5cc87c8c7aa7b350a1053b119b3 is-layout-flex wp-container-core-columns-is-layout-f0342b05 wp-block-columns-is-layout-flex\" style=\"margin-top:0;margin-bottom:0\">\n<div class=\"wp-block-column has-global-padding is-content-justification-right is-layout-constrained wp-container-core-column-is-layout-2e2e05b4 wp-block-column-is-layout-constrained\" style=\"padding-top:0;padding-right:var(--wp--preset--spacing--x-small);padding-bottom:0;padding-left:var(--wp--preset--spacing--x-small);flex-basis:20%\">\n<figure class=\"wp-block-image alignright size-thumbnail is-resized\"><img loading=\"lazy\" decoding=\"async\" width=\"150\" height=\"150\" src=\"https:\/\/bi-erholungsort-schwielowsee.de\/wp-content\/uploads\/2024\/04\/Nicht-benannt16-150x150.png\" alt=\"\" class=\"wp-image-78\" style=\"width:125px\" srcset=\"https:\/\/bi-erholungsort-schwielowsee.de\/wp-content\/uploads\/2024\/04\/Nicht-benannt16-150x150.png 150w, https:\/\/bi-erholungsort-schwielowsee.de\/wp-content\/uploads\/2024\/04\/Nicht-benannt16-300x300.png 300w, https:\/\/bi-erholungsort-schwielowsee.de\/wp-content\/uploads\/2024\/04\/Nicht-benannt16-1024x1024.png 1024w, https:\/\/bi-erholungsort-schwielowsee.de\/wp-content\/uploads\/2024\/04\/Nicht-benannt16.png 1080w\" sizes=\"auto, (max-width: 150px) 100vw, 150px\" \/><\/figure>\n<\/div>\n\n\n\n<div class=\"wp-block-column has-foreground-color has-text-color has-link-color wp-elements-95402c213e449b5db618b6ceb9a82c87 is-layout-flow wp-block-column-is-layout-flow\" style=\"padding-right:var(--wp--preset--spacing--x-small);padding-left:var(--wp--preset--spacing--x-small)\">\n<p class=\"has-text-align-left has-primary-color has-text-color has-link-color wp-elements-347c04e6caf3f8eb28ae7bf60a5835ec\"><strong>1. L\u00e4rmemissionen durch Feste und Veranstaltungen<\/strong><\/p>\n\n\n\n<p class=\"has-text-align-left has-primary-color has-text-color has-link-color wp-elements-c684d124e414919dbc2c947df45e497d\">Die Zunahme von Festen und Veranstaltungen hat in unserer Region zu einer sp\u00fcrbaren Steigerung der L\u00e4rmemissionen gef\u00fchrt. Diese Beeintr\u00e4chtigungen st\u00f6ren nicht nur die Ruhe und den Frieden der Anwohner, sondern haben auch einen negativen Einfluss auf die heimische Tierwelt. Wir fordern eine verantwortungsvolle Planung und Durchf\u00fchrung von Veranstaltungen, die die Erholungsqualit\u00e4t der Region bewahren und den L\u00e4rmschutz verbessern.<\/p>\n<\/div>\n<\/div>\n\n\n\n<div class=\"wp-block-columns alignfull has-primary-color has-background-background-color has-text-color has-background has-link-color wp-elements-3d397d2aab149489ef22fdf9b5216083 is-layout-flex wp-container-core-columns-is-layout-f0342b05 wp-block-columns-is-layout-flex\" style=\"margin-top:0;margin-bottom:0\">\n<div class=\"wp-block-column has-global-padding is-content-justification-right is-layout-constrained wp-container-core-column-is-layout-2e2e05b4 wp-block-column-is-layout-constrained\" style=\"padding-top:0;padding-right:var(--wp--preset--spacing--x-small);padding-bottom:0;padding-left:var(--wp--preset--spacing--x-small);flex-basis:20%\">\n<figure class=\"wp-block-image alignright size-thumbnail is-resized\"><img loading=\"lazy\" decoding=\"async\" width=\"150\" height=\"150\" src=\"https:\/\/bi-erholungsort-schwielowsee.de\/wp-content\/uploads\/2024\/04\/Nicht-benannt18-150x150.png\" alt=\"\" class=\"wp-image-77\" style=\"width:125px\" srcset=\"https:\/\/bi-erholungsort-schwielowsee.de\/wp-content\/uploads\/2024\/04\/Nicht-benannt18-150x150.png 150w, https:\/\/bi-erholungsort-schwielowsee.de\/wp-content\/uploads\/2024\/04\/Nicht-benannt18-300x300.png 300w, https:\/\/bi-erholungsort-schwielowsee.de\/wp-content\/uploads\/2024\/04\/Nicht-benannt18-1024x1024.png 1024w, https:\/\/bi-erholungsort-schwielowsee.de\/wp-content\/uploads\/2024\/04\/Nicht-benannt18.png 1080w\" sizes=\"auto, (max-width: 150px) 100vw, 150px\" \/><\/figure>\n<\/div>\n\n\n\n<div class=\"wp-block-column has-foreground-color has-text-color has-link-color wp-elements-fa8a86b4c02aa14ffd7b238d04f5373a is-layout-flow wp-block-column-is-layout-flow\" style=\"padding-right:var(--wp--preset--spacing--x-small);padding-left:var(--wp--preset--spacing--x-small)\">\n<p class=\"has-text-align-left has-primary-color has-text-color has-link-color wp-elements-6e13b41475d434198c3a93c0497b1dbf\"><strong>2. Zunehmender Bootsverkehr<\/strong><\/p>\n\n\n\n<p class=\"has-text-align-left has-primary-color has-text-color has-link-color wp-elements-c261edea3bc8f35ac2b20e20af998564\">Das steigende Aufkommen von Motor- und Hausbooten auf den Gew\u00e4ssern rund um den Schwielowsee steht im Widerspruch zu dem Bed\u00fcrfnis nach Ruhe und Entspannung, das sowohl Anwohner als auch Besucher suchen. Dieser verst\u00e4rkte Bootsverkehr belastet die Umwelt und beeintr\u00e4chtigt die Lebensqualit\u00e4t in unserer Region. Wir setzen uns f\u00fcr eine Regulierung ein, die den Bootsverkehr beschr\u00e4nkt und alternative, umweltfreundliche Formen der Freizeitgestaltung f\u00f6rdert.<\/p>\n<\/div>\n<\/div>\n\n\n\n<div class=\"wp-block-columns alignfull has-primary-color has-background-background-color has-text-color has-background has-link-color wp-elements-3781342d183bcca1a71f99c9a9539882 is-layout-flex wp-container-core-columns-is-layout-f0342b05 wp-block-columns-is-layout-flex\" style=\"margin-top:0;margin-bottom:0\">\n<div class=\"wp-block-column has-global-padding is-content-justification-right is-layout-constrained wp-container-core-column-is-layout-2e2e05b4 wp-block-column-is-layout-constrained\" style=\"padding-top:0;padding-right:var(--wp--preset--spacing--x-small);padding-bottom:0;padding-left:var(--wp--preset--spacing--x-small);flex-basis:20%\">\n<figure class=\"wp-block-image alignright size-thumbnail is-resized\"><img loading=\"lazy\" decoding=\"async\" width=\"150\" height=\"150\" src=\"https:\/\/bi-erholungsort-schwielowsee.de\/wp-content\/uploads\/2024\/04\/Nicht-benannt14-150x150.png\" alt=\"\" class=\"wp-image-74\" style=\"width:125px\" srcset=\"https:\/\/bi-erholungsort-schwielowsee.de\/wp-content\/uploads\/2024\/04\/Nicht-benannt14-150x150.png 150w, https:\/\/bi-erholungsort-schwielowsee.de\/wp-content\/uploads\/2024\/04\/Nicht-benannt14-300x300.png 300w, https:\/\/bi-erholungsort-schwielowsee.de\/wp-content\/uploads\/2024\/04\/Nicht-benannt14-1024x1024.png 1024w, https:\/\/bi-erholungsort-schwielowsee.de\/wp-content\/uploads\/2024\/04\/Nicht-benannt14.png 1080w\" sizes=\"auto, (max-width: 150px) 100vw, 150px\" \/><\/figure>\n<\/div>\n\n\n\n<div class=\"wp-block-column has-foreground-color has-text-color has-link-color wp-elements-06d63f4196bbf806a3894bd721d416f0 is-layout-flow wp-block-column-is-layout-flow\" style=\"padding-right:var(--wp--preset--spacing--x-small);padding-left:var(--wp--preset--spacing--x-small)\">\n<p class=\"has-text-align-left has-primary-color has-text-color has-link-color wp-elements-7faf88006ba6bbcff445b68bcb48c81a\"><strong>3. Ausbau von Liege- und Lagerpl\u00e4tzen<\/strong><\/p>\n\n\n\n<p class=\"has-text-align-left has-primary-color has-text-color has-link-color wp-elements-46d783665457fc3f6832986c33b62900\">Die Nachfrage nach mehr Liegepl\u00e4tzen f\u00fcr gro\u00dfe Boote zwingt zur Umgestaltung nat\u00fcrlicher Uferbereiche und zur Zerst\u00f6rung gesch\u00fctzter Landschaften. Diese Entwicklung bedroht die lokale Flora und Fauna und untergr\u00e4bt den Naturschutz in unserer Region. Wir treten f\u00fcr eine kritische \u00dcberpr\u00fcfung und Begrenzung solcher Projekte ein, um den nat\u00fcrlichen Charakter unserer Uferlandschaften zu erhalten.<\/p>\n<\/div>\n<\/div>\n\n\n\n<div class=\"wp-block-columns alignfull has-primary-color has-background-background-color has-text-color has-background has-link-color wp-elements-9e32292f07ba6de53fbf343d85b494cd is-layout-flex wp-container-core-columns-is-layout-f0342b05 wp-block-columns-is-layout-flex\" style=\"margin-top:0;margin-bottom:0\">\n<div class=\"wp-block-column has-global-padding is-content-justification-right is-layout-constrained wp-container-core-column-is-layout-2e2e05b4 wp-block-column-is-layout-constrained\" style=\"padding-top:0;padding-right:var(--wp--preset--spacing--x-small);padding-bottom:0;padding-left:var(--wp--preset--spacing--x-small);flex-basis:20%\">\n<figure class=\"wp-block-image alignright size-thumbnail is-resized\"><img loading=\"lazy\" decoding=\"async\" width=\"150\" height=\"150\" src=\"https:\/\/bi-erholungsort-schwielowsee.de\/wp-content\/uploads\/2024\/04\/Nicht-benannt20-150x150.png\" alt=\"\" class=\"wp-image-76\" style=\"width:125px\" srcset=\"https:\/\/bi-erholungsort-schwielowsee.de\/wp-content\/uploads\/2024\/04\/Nicht-benannt20-150x150.png 150w, https:\/\/bi-erholungsort-schwielowsee.de\/wp-content\/uploads\/2024\/04\/Nicht-benannt20-300x300.png 300w, https:\/\/bi-erholungsort-schwielowsee.de\/wp-content\/uploads\/2024\/04\/Nicht-benannt20-1024x1024.png 1024w, https:\/\/bi-erholungsort-schwielowsee.de\/wp-content\/uploads\/2024\/04\/Nicht-benannt20.png 1080w\" sizes=\"auto, (max-width: 150px) 100vw, 150px\" \/><\/figure>\n<\/div>\n\n\n\n<div class=\"wp-block-column has-foreground-color has-text-color has-link-color wp-elements-2c37cb6366ca33e64fbb54b27238f65c is-layout-flow wp-block-column-is-layout-flow\" style=\"padding-right:var(--wp--preset--spacing--x-small);padding-left:var(--wp--preset--spacing--x-small)\">\n<p class=\"has-text-align-left has-primary-color has-text-color has-link-color wp-elements-c064ea80200d827141eb2326afb492d9\"><strong>4. Tages- und Kurzzeittourismus<\/strong><\/p>\n\n\n\n<p class=\"has-text-align-left has-primary-color has-text-color has-link-color wp-elements-84e55d631236bcac7048aa4a22e6fe0a\">Der Anstieg des Tages- und Kurzzeittourismus stellt unsere Gemeinde vor Herausforderungen, die von \u00fcberf\u00fcllten Stra\u00dfen bis hin zu Konflikten mit den Anwohnern reichen. Diese Form des Tourismus belastet unsere Infrastruktur und das soziale Gef\u00fcge. Es ist unser Ziel, Strategien zu entwickeln, die einen nachhaltigen und respektvollen Tourismus f\u00f6rdern und sowohl f\u00fcr G\u00e4ste als auch f\u00fcr Anwohner von Vorteil sind.<\/p>\n<\/div>\n<\/div>\n\n\n\n<div class=\"wp-block-columns alignfull has-primary-color has-background-background-color has-text-color has-background has-link-color wp-elements-6b0b5fb6732109d777b77548b4f6574a is-layout-flex wp-container-core-columns-is-layout-f0342b05 wp-block-columns-is-layout-flex\" style=\"margin-top:0;margin-bottom:0\">\n<div class=\"wp-block-column has-global-padding is-content-justification-right is-layout-constrained wp-container-core-column-is-layout-2e2e05b4 wp-block-column-is-layout-constrained\" style=\"padding-top:0;padding-right:var(--wp--preset--spacing--x-small);padding-bottom:0;padding-left:var(--wp--preset--spacing--x-small);flex-basis:20%\">\n<figure class=\"wp-block-image alignright size-thumbnail is-resized\"><img loading=\"lazy\" decoding=\"async\" width=\"150\" height=\"150\" src=\"https:\/\/bi-erholungsort-schwielowsee.de\/wp-content\/uploads\/2024\/04\/Nicht-benannt22-150x150.png\" alt=\"\" class=\"wp-image-75\" style=\"width:125px\" srcset=\"https:\/\/bi-erholungsort-schwielowsee.de\/wp-content\/uploads\/2024\/04\/Nicht-benannt22-150x150.png 150w, https:\/\/bi-erholungsort-schwielowsee.de\/wp-content\/uploads\/2024\/04\/Nicht-benannt22-300x300.png 300w, https:\/\/bi-erholungsort-schwielowsee.de\/wp-content\/uploads\/2024\/04\/Nicht-benannt22-1024x1024.png 1024w, https:\/\/bi-erholungsort-schwielowsee.de\/wp-content\/uploads\/2024\/04\/Nicht-benannt22.png 1080w\" sizes=\"auto, (max-width: 150px) 100vw, 150px\" \/><\/figure>\n<\/div>\n\n\n\n<div class=\"wp-block-column has-foreground-color has-text-color has-link-color wp-elements-30e50708e38d95ed4018bf1042d1cb58 is-layout-flow wp-block-column-is-layout-flow\" style=\"padding-right:var(--wp--preset--spacing--x-small);padding-left:var(--wp--preset--spacing--x-small)\">\n<p class=\"has-text-align-left has-primary-color has-text-color has-link-color wp-elements-bcd8384767e3de34af76e85100e8c7e2\"><strong>5. Fehlende Badem\u00f6glichkeiten f\u00fcr Anwohner<\/strong><\/p>\n\n\n\n<p class=\"has-text-align-left has-primary-color has-text-color has-link-color wp-elements-61bed120f93f9ed526f92332c0ff71d8\">Die direkte Zug\u00e4nglichkeit zu Badestellen ist f\u00fcr die Lebensqualit\u00e4t am Schwielowsee von gro\u00dfer Bedeutung. Insbesondere Familien und Kinder sind auf erschwingliche und leicht zug\u00e4ngliche Badem\u00f6glichkeiten angewiesen. Wir fordern die Schaffung und Erhaltung solcher Orte, um allen Gemeindemitgliedern eine M\u00f6glichkeit zur Erfrischung und Erholung zu bieten.<\/p>\n<\/div>\n<\/div>\n\n\n\n<div class=\"wp-block-columns alignfull has-primary-color has-background-background-color has-text-color has-background has-link-color wp-elements-c1c4c2599670b6c372df7b30285a56c8 is-layout-flex wp-container-core-columns-is-layout-f0342b05 wp-block-columns-is-layout-flex\" style=\"margin-top:0;margin-bottom:0\">\n<div class=\"wp-block-column has-foreground-color has-text-color has-link-color wp-elements-e559a01a20cb6b5947ef5eb9255490f5 is-layout-flow wp-block-column-is-layout-flow\" style=\"padding-right:var(--wp--preset--spacing--x-small);padding-left:var(--wp--preset--spacing--x-small)\">\n<p class=\"has-text-align-center has-primary-color has-text-color has-link-color wp-elements-a9a5d07e052ffe39a3e609f80a595ccf\" style=\"margin-right:var(--wp--preset--spacing--x-large);margin-left:var(--wp--preset--spacing--x-large)\">Diese f\u00fcnf Hauptanliegen bilden das Fundament unserer Arbeit. Gemeinsam mit den Anwohnern und Unterst\u00fctzern setzen wir uns daf\u00fcr ein, L\u00f6sungen zu finden und Ma\u00dfnahmen zu ergreifen, die den Erholungswert der Region Schwielowsee nachhaltig sichern und verbessern.<\/p>\n<\/div>\n<\/div>\n\n\n\n<div class=\"wp-block-cover alignfull has-parallax is-position-center-center\" style=\"border-radius:0px\"><span aria-hidden=\"true\" class=\"wp-block-cover__background has-black-background-color has-background-dim-40 has-background-dim\"><\/span><div class=\"wp-block-cover__image-background wp-image-48 has-parallax\" style=\"background-position:50% 50%;background-image:url(https:\/\/bi-erholungsort-schwielowsee.de\/wp-content\/uploads\/2024\/04\/Caputh-Schwielowsee-Grotte.jpg)\"><\/div><div class=\"wp-block-cover__inner-container is-layout-flow wp-block-cover-is-layout-flow\">\n<div class=\"wp-block-group has-global-padding is-layout-constrained wp-block-group-is-layout-constrained\">\n<h3 class=\"wp-block-heading has-text-align-center has-text-color has-medium-font-size\" style=\"color:#fffffa;text-transform:uppercase\">Kontaktieren Sie uns<\/h3>\n\n\n\n<p class=\"has-text-align-center has-white-color has-text-color\">Haben Sie Fragen, Anregungen oder m\u00f6chten Sie uns unterst\u00fctzen? Wir freuen uns \u00fcber Ihre Nachricht! Nehmen Sie Kontakt mit uns auf, um mehr dar\u00fcber zu erfahren, wie Sie sich f\u00fcr den Erholungsort Schwielowsee engagieren k\u00f6nnen, oder um uns Ihre Ideen und Vorschl\u00e4ge mitzuteilen. Ihre Meinung ist uns wichtig, denn gemeinsam k\u00f6nnen wir mehr erreichen.<\/p>\n\n\n\n<div style=\"height:31px\" aria-hidden=\"true\" class=\"wp-block-spacer\"><\/div>\n\n\n\n<div class=\"wp-block-buttons is-horizontal is-content-justification-center is-layout-flex wp-container-core-buttons-is-layout-03627597 wp-block-buttons-is-layout-flex\">\n<div class=\"wp-block-button is-style-outline is-style-outline--1\"><a class=\"wp-block-button__link has-white-color has-text-color wp-element-button\" href=\"https:\/\/bi-erholungsort-schwielowsee.de\/?page_id=27\" style=\"border-radius:0px\">Kontakt<\/a><\/div>\n<\/div>\n<\/div>\n<\/div><\/div>\n","protected":false},"excerpt":{"rendered":"<p>Die B\u00fcrgerinitiative Erholungsort Schwielowsee steht f\u00fcr den Schutz und die nachhaltige Entwicklung unserer Gemeinde. In den vergangenen Jahren haben wir beobachtet, wie der zunehmende Druck durch Ver\u00e4nderungen in den Bereichen Umweltschutz, Freizeitaktivit\u00e4ten und Tourismus nicht nur den urspr\u00fcnglichen Erholungswert unserer Region gef\u00e4hrdet, sondern auch zu einer sp\u00fcrbaren Umweltzerst\u00f6rung f\u00fchrt. Diese Entwicklungen haben uns bewogen, aktiv &hellip; <\/p>\n<p class=\"link-more\"><a href=\"https:\/\/bi-erholungsort-schwielowsee.de\/?page_id=73\" class=\"more-link\">Read more<span class=\"screen-reader-text\"> &#8220;Unsere Anliegen&#8221;<\/span><\/a><\/p>\n","protected":false},"author":1,"featured_media":80,"parent":0,"menu_order":0,"comment_status":"closed","ping_status":"closed","template":"","meta":{"footnotes":""},"class_list":["post-73","page","type-page","status-publish","has-post-thumbnail","hentry"],"_links":{"self":[{"href":"https:\/\/bi-erholungsort-schwielowsee.de\/index.php?rest_route=\/wp\/v2\/pages\/73","targetHints":{"allow":["GET"]}}],"collection":[{"href":"https:\/\/bi-erholungsort-schwielowsee.de\/index.php?rest_route=\/wp\/v2\/pages"}],"about":[{"href":"https:\/\/bi-erholungsort-schwielowsee.de\/index.php?rest_route=\/wp\/v2\/types\/page"}],"author":[{"embeddable":true,"href":"https:\/\/bi-erholungsort-schwielowsee.de\/index.php?rest_route=\/wp\/v2\/users\/1"}],"replies":[{"embeddable":true,"href":"https:\/\/bi-erholungsort-schwielowsee.de\/index.php?rest_route=%2Fwp%2Fv2%2Fcomments&post=73"}],"version-history":[{"count":6,"href":"https:\/\/bi-erholungsort-schwielowsee.de\/index.php?rest_route=\/wp\/v2\/pages\/73\/revisions"}],"predecessor-version":[{"id":107,"href":"https:\/\/bi-erholungsort-schwielowsee.de\/index.php?rest_route=\/wp\/v2\/pages\/73\/revisions\/107"}],"wp:featuredmedia":[{"embeddable":true,"href":"https:\/\/bi-erholungsort-schwielowsee.de\/index.php?rest_route=\/wp\/v2\/media\/80"}],"wp:attachment":[{"href":"https:\/\/bi-erholungsort-schwielowsee.de\/index.php?rest_route=%2Fwp%2Fv2%2Fmedia&parent=73"}],"curies":[{"name":"wp","href":"https:\/\/api.w.org\/{rel}","templated":true}]}}